{"id":29841,"date":"2022-05-02T15:18:59","date_gmt":"2022-05-02T15:18:59","guid":{"rendered":"https:\/\/feret-parfumeur.com\/produit\/leau-de-monsieur\/"},"modified":"2023-05-27T15:33:08","modified_gmt":"2023-05-27T13:33:08","slug":"leau-de-monsieur","status":"publish","type":"product","link":"https:\/\/feret-parfumeur.com\/en\/produit\/leau-de-monsieur\/","title":{"rendered":"L&#8217;Eau de Monsieur"},"content":{"rendered":"<p>[et_pb_section fb_built=&#8221;1&#8243; _builder_version=&#8221;4.16&#8243; custom_padding=&#8221;0px||||false|false&#8221; global_colors_info=&#8221;{}&#8221;][et_pb_row _builder_version=&#8221;4.16&#8243; background_size=&#8221;initial&#8221; background_position=&#8221;top_left&#8221; background_repeat=&#8221;repeat&#8221; width=&#8221;100%&#8221; custom_padding=&#8221;0px||0px||false|false&#8221; global_colors_info=&#8221;{}&#8221;][et_pb_column type=&#8221;4_4&#8243; _builder_version=&#8221;4.16&#8243; custom_padding=&#8221;|||&#8221; global_colors_info=&#8221;{}&#8221; custom_padding__hover=&#8221;|||&#8221;][et_pb_wc_breadcrumb _builder_version=&#8221;4.16&#8243; global_colors_info=&#8221;{}&#8221;][\/et_pb_wc_breadcrumb][et_pb_wc_cart_notice _builder_version=&#8221;4.16&#8243; global_colors_info=&#8221;{}&#8221;][\/et_pb_wc_cart_notice][\/et_pb_column][\/et_pb_row][et_pb_row column_structure=&#8221;2_5,3_5&#8243; _builder_version=&#8221;4.16&#8243; background_size=&#8221;initial&#8221; background_position=&#8221;top_left&#8221; background_repeat=&#8221;repeat&#8221; width=&#8221;100%&#8221; custom_padding=&#8221;0px||||false|false&#8221; global_colors_info=&#8221;{}&#8221;][et_pb_column type=&#8221;2_5&#8243; _builder_version=&#8221;4.16&#8243; custom_padding=&#8221;|||&#8221; global_colors_info=&#8221;{}&#8221; custom_padding__hover=&#8221;|||&#8221;][et_pb_wc_images _builder_version=&#8221;4.16&#8243; global_colors_info=&#8221;{}&#8221;][\/et_pb_wc_images][\/et_pb_column][et_pb_column type=&#8221;3_5&#8243; _builder_version=&#8221;4.16&#8243; custom_padding=&#8221;|||&#8221; global_colors_info=&#8221;{}&#8221; custom_padding__hover=&#8221;|||&#8221;][et_pb_wc_title _builder_version=&#8221;4.16&#8243; global_colors_info=&#8221;{}&#8221;][\/et_pb_wc_title][et_pb_wc_rating _builder_version=&#8221;4.16&#8243; global_colors_info=&#8221;{}&#8221;][\/et_pb_wc_rating][et_pb_wc_price _builder_version=&#8221;4.16&#8243; global_colors_info=&#8221;{}&#8221;][\/et_pb_wc_price][et_pb_text _builder_version=&#8221;4.19.2&#8243; _module_preset=&#8221;default&#8221; global_colors_info=&#8221;{}&#8221;]<\/p>\n<p><strong>L\u2019Eau de Monsieur<\/strong> is a perfume inspired by the cellars of the Maine Gaillard distillery, whose authentic and elegant blend of Patchouli and Liquorice offers you a refined elixir with woody, spicy and gourmet notes.<\/p>\n<p>[\/et_pb_text][et_pb_wc_add_to_cart _builder_version=&#8221;4.16&#8243; global_colors_info=&#8221;{}&#8221;][\/et_pb_wc_add_to_cart][et_pb_wc_meta _builder_version=&#8221;4.16&#8243; global_colors_info=&#8221;{}&#8221;][\/et_pb_wc_meta][\/et_pb_column][\/et_pb_row][et_pb_row _builder_version=&#8221;4.16&#8243; background_size=&#8221;initial&#8221; background_position=&#8221;top_left&#8221; background_repeat=&#8221;repeat&#8221; width=&#8221;100%&#8221; custom_padding=&#8221;0px||||false|false&#8221; global_colors_info=&#8221;{}&#8221;][et_pb_column type=&#8221;4_4&#8243; _builder_version=&#8221;4.16&#8243; custom_padding=&#8221;|||&#8221; global_colors_info=&#8221;{}&#8221; custom_padding__hover=&#8221;|||&#8221;][et_pb_text _builder_version=&#8221;4.19.2&#8243; _module_preset=&#8221;default&#8221; global_colors_info=&#8221;{}&#8221;]<\/p>\n<h2><strong>The liquorice note<\/strong><\/h2>\n<p>Liquorice gives Eau de Monsieur a gourmand tone, recalling childhood memories and happy moments.<\/p>\n<p>&nbsp;<\/p>\n<h2><strong>Patchouli, a fragrance with character<\/strong><\/h2>\n<p>Patchouli has a powerful smell, both woody, earthy and dry with smoky accents.<\/p>\n<p>Patchouli has character and is not afraid to show it. It is a sublimator, it is rich, sensual and charismatic.<\/p>\n<p>&nbsp;<\/p>\n<h2><strong>WE LOVE L\u2019EAU DE MONSIEUR<\/strong><\/h2>\n<p>The gourmet blend of licorice and authentic Patchouli offers you a refined elixir. L&#8217;Eau de Monsieur dresses you and highlights your elegance on a daily basis. This fragrance will quickly become your daily reflex.<\/p>\n<p>&nbsp;<\/p>\n<p><strong>20% perfume<br \/>For the man.<br \/>Made in France \u2013 Size 100 ml.<\/strong><\/p>\n<p>[\/et_pb_text][\/et_pb_column][\/et_pb_row][et_pb_row _builder_version=&#8221;4.16&#8243; background_size=&#8221;initial&#8221; background_position=&#8221;top_left&#8221; background_repeat=&#8221;repeat&#8221; width=&#8221;100%&#8221; global_colors_info=&#8221;{}&#8221;][et_pb_column type=&#8221;4_4&#8243; _builder_version=&#8221;4.16&#8243; custom_padding=&#8221;|||&#8221; global_colors_info=&#8221;{}&#8221; custom_padding__hover=&#8221;|||&#8221;][et_pb_wc_tabs _builder_version=&#8221;4.16&#8243; global_colors_info=&#8221;{}&#8221;]\t\t\t\t\t[\/et_pb_wc_tabs][et_pb_wc_upsells _builder_version=&#8221;4.16&#8243; global_colors_info=&#8221;{}&#8221;][\/et_pb_wc_upsells][et_pb_wc_related_products _builder_version=&#8221;4.16&#8243; global_colors_info=&#8221;{}&#8221;][\/et_pb_wc_related_products][\/et_pb_column][\/et_pb_row][\/et_pb_section]<\/p>\n","protected":false},"excerpt":{"rendered":"<p><strong>The essential:<\/strong><br \/>\n<strong>20% perfume<\/strong><br \/>\nInspired by our distillery in Maine Gaillard, Eau de Monsieur offers you delicate fragrances.<br \/>\nThe authentic and elegant blend of Patchouly and Liquorice offers you a refined elixir with woody, spicy and gourmet notes.<br \/>\n<strong>For the man.<\/strong><\/p>\n<p><strong>Made in France \u2013 Size 100 ml.<\/strong><\/p>\n","protected":false},"featured_media":29814,"template":"","meta":{"_et_pb_use_builder":"on","_et_pb_old_content":"INCI list : ALCOHOL DENAT, PARFUM (FRAGRANCE), AQUA (WATER), LINALOOL, LIMONENE, COURMARIN, EUGENOL, CITRONELLOL, BENZYL BENZOATE, BENZYL CINNAMATE, ALPHA-ISOMETHYL LONONE, ISOEUGENOL, FARNESOL, GERANIOL. The composition simply says: \u2022 Alcohol. \u2022 Perfume. \u2022 Water.","_et_gb_content_width":""},"product_brand":[],"product_cat":[56],"product_tag":[],"class_list":{"0":"post-29841","1":"product","2":"type-product","3":"status-publish","4":"has-post-thumbnail","6":"product_cat-perfume","8":"first","9":"outofstock","10":"featured","11":"taxable","12":"shipping-taxable","13":"purchasable","14":"product-type-simple"},"yoast_head":"<!-- This site is optimized with the Yoast SEO plugin v27.3 - https:\/\/yoast.com\/product\/yoast-seo-wordpress\/ -->\n<title>L&#039;Eau de Monsieur - F\u00e9ret Parfumeur<\/title>\n<meta name=\"robots\" content=\"index, follow, max-snippet:-1, max-image-preview:large, max-video-preview:-1\" \/>\n<link rel=\"canonical\" href=\"https:\/\/feret-parfumeur.com\/en\/produit\/leau-de-monsieur\/\" \/>\n<meta property=\"og:locale\" content=\"en_US\" \/>\n<meta property=\"og:type\" content=\"article\" \/>\n<meta property=\"og:title\" content=\"L&#039;Eau de Monsieur - F\u00e9ret Parfumeur\" \/>\n<meta property=\"og:description\" content=\"The essential: 20% perfume Inspired by our distillery in Maine Gaillard, Eau de Monsieur offers you delicate fragrances. The authentic and elegant blend of Patchouly and Liquorice offers you a refined elixir with woody, spicy and gourmet notes. For the man. Made in France \u2013 Size 100 ml.\" \/>\n<meta property=\"og:url\" content=\"https:\/\/feret-parfumeur.com\/en\/produit\/leau-de-monsieur\/\" \/>\n<meta property=\"og:site_name\" content=\"F\u00e9ret Parfumeur\" \/>\n<meta property=\"article:modified_time\" content=\"2023-05-27T13:33:08+00:00\" \/>\n<meta property=\"og:image\" content=\"https:\/\/i0.wp.com\/feret-parfumeur.com\/wp-content\/uploads\/2022\/05\/feret-parfumeur-eau-de-monsieur-patchouly-reglisse-2022.jpg?fit=1057%2C1057&ssl=1\" \/>\n\t<meta property=\"og:image:width\" content=\"1057\" \/>\n\t<meta property=\"og:image:height\" content=\"1057\" \/>\n\t<meta property=\"og:image:type\" content=\"image\/jpeg\" \/>\n<meta name=\"twitter:card\" content=\"summary_large_image\" \/>\n<meta name=\"twitter:label1\" content=\"Est. reading time\" \/>\n\t<meta name=\"twitter:data1\" content=\"3 minutes\" \/>\n<script type=\"application\/ld+json\" class=\"yoast-schema-graph\">{\"@context\":\"https:\\\/\\\/schema.org\",\"@graph\":[{\"@type\":\"WebPage\",\"@id\":\"https:\\\/\\\/feret-parfumeur.com\\\/en\\\/produit\\\/leau-de-monsieur\\\/\",\"url\":\"https:\\\/\\\/feret-parfumeur.com\\\/en\\\/produit\\\/leau-de-monsieur\\\/\",\"name\":\"L'Eau de Monsieur - F\u00e9ret Parfumeur\",\"isPartOf\":{\"@id\":\"https:\\\/\\\/feret-parfumeur.com\\\/en\\\/#website\"},\"primaryImageOfPage\":{\"@id\":\"https:\\\/\\\/feret-parfumeur.com\\\/en\\\/produit\\\/leau-de-monsieur\\\/#primaryimage\"},\"image\":{\"@id\":\"https:\\\/\\\/feret-parfumeur.com\\\/en\\\/produit\\\/leau-de-monsieur\\\/#primaryimage\"},\"thumbnailUrl\":\"https:\\\/\\\/feret-parfumeur.com\\\/wp-content\\\/uploads\\\/2022\\\/05\\\/feret-parfumeur-eau-de-monsieur-patchouly-reglisse-2022.jpg\",\"datePublished\":\"2022-05-02T15:18:59+00:00\",\"dateModified\":\"2023-05-27T13:33:08+00:00\",\"breadcrumb\":{\"@id\":\"https:\\\/\\\/feret-parfumeur.com\\\/en\\\/produit\\\/leau-de-monsieur\\\/#breadcrumb\"},\"inLanguage\":\"en-US\",\"potentialAction\":[{\"@type\":\"ReadAction\",\"target\":[\"https:\\\/\\\/feret-parfumeur.com\\\/en\\\/produit\\\/leau-de-monsieur\\\/\"]}]},{\"@type\":\"ImageObject\",\"inLanguage\":\"en-US\",\"@id\":\"https:\\\/\\\/feret-parfumeur.com\\\/en\\\/produit\\\/leau-de-monsieur\\\/#primaryimage\",\"url\":\"https:\\\/\\\/feret-parfumeur.com\\\/wp-content\\\/uploads\\\/2022\\\/05\\\/feret-parfumeur-eau-de-monsieur-patchouly-reglisse-2022.jpg\",\"contentUrl\":\"https:\\\/\\\/feret-parfumeur.com\\\/wp-content\\\/uploads\\\/2022\\\/05\\\/feret-parfumeur-eau-de-monsieur-patchouly-reglisse-2022.jpg\",\"width\":1057,\"height\":1057},{\"@type\":\"BreadcrumbList\",\"@id\":\"https:\\\/\\\/feret-parfumeur.com\\\/en\\\/produit\\\/leau-de-monsieur\\\/#breadcrumb\",\"itemListElement\":[{\"@type\":\"ListItem\",\"position\":1,\"name\":\"Accueil\",\"item\":\"https:\\\/\\\/feret-parfumeur.com\\\/en\\\/home\\\/\"},{\"@type\":\"ListItem\",\"position\":2,\"name\":\"Shop\",\"item\":\"https:\\\/\\\/feret-parfumeur.com\\\/en\\\/shop\\\/\"},{\"@type\":\"ListItem\",\"position\":3,\"name\":\"L&#8217;Eau de Monsieur\"}]},{\"@type\":\"WebSite\",\"@id\":\"https:\\\/\\\/feret-parfumeur.com\\\/en\\\/#website\",\"url\":\"https:\\\/\\\/feret-parfumeur.com\\\/en\\\/\",\"name\":\"F\u00e9ret Parfumeur\",\"description\":\"Cosm\u00e9tiques fran\u00e7ais\",\"potentialAction\":[{\"@type\":\"SearchAction\",\"target\":{\"@type\":\"EntryPoint\",\"urlTemplate\":\"https:\\\/\\\/feret-parfumeur.com\\\/en\\\/?s={search_term_string}\"},\"query-input\":{\"@type\":\"PropertyValueSpecification\",\"valueRequired\":true,\"valueName\":\"search_term_string\"}}],\"inLanguage\":\"en-US\"}]}<\/script>\n<!-- \/ Yoast SEO plugin. -->","yoast_head_json":{"title":"L'Eau de Monsieur - F\u00e9ret Parfumeur","robots":{"index":"index","follow":"follow","max-snippet":"max-snippet:-1","max-image-preview":"max-image-preview:large","max-video-preview":"max-video-preview:-1"},"canonical":"https:\/\/feret-parfumeur.com\/en\/produit\/leau-de-monsieur\/","og_locale":"en_US","og_type":"article","og_title":"L'Eau de Monsieur - F\u00e9ret Parfumeur","og_description":"The essential: 20% perfume Inspired by our distillery in Maine Gaillard, Eau de Monsieur offers you delicate fragrances. The authentic and elegant blend of Patchouly and Liquorice offers you a refined elixir with woody, spicy and gourmet notes. For the man. Made in France \u2013 Size 100 ml.","og_url":"https:\/\/feret-parfumeur.com\/en\/produit\/leau-de-monsieur\/","og_site_name":"F\u00e9ret Parfumeur","article_modified_time":"2023-05-27T13:33:08+00:00","og_image":[{"width":1057,"height":1057,"url":"https:\/\/i0.wp.com\/feret-parfumeur.com\/wp-content\/uploads\/2022\/05\/feret-parfumeur-eau-de-monsieur-patchouly-reglisse-2022.jpg?fit=1057%2C1057&ssl=1","type":"image\/jpeg"}],"twitter_card":"summary_large_image","twitter_misc":{"Est. reading time":"3 minutes"},"schema":{"@context":"https:\/\/schema.org","@graph":[{"@type":"WebPage","@id":"https:\/\/feret-parfumeur.com\/en\/produit\/leau-de-monsieur\/","url":"https:\/\/feret-parfumeur.com\/en\/produit\/leau-de-monsieur\/","name":"L'Eau de Monsieur - F\u00e9ret Parfumeur","isPartOf":{"@id":"https:\/\/feret-parfumeur.com\/en\/#website"},"primaryImageOfPage":{"@id":"https:\/\/feret-parfumeur.com\/en\/produit\/leau-de-monsieur\/#primaryimage"},"image":{"@id":"https:\/\/feret-parfumeur.com\/en\/produit\/leau-de-monsieur\/#primaryimage"},"thumbnailUrl":"https:\/\/feret-parfumeur.com\/wp-content\/uploads\/2022\/05\/feret-parfumeur-eau-de-monsieur-patchouly-reglisse-2022.jpg","datePublished":"2022-05-02T15:18:59+00:00","dateModified":"2023-05-27T13:33:08+00:00","breadcrumb":{"@id":"https:\/\/feret-parfumeur.com\/en\/produit\/leau-de-monsieur\/#breadcrumb"},"inLanguage":"en-US","potentialAction":[{"@type":"ReadAction","target":["https:\/\/feret-parfumeur.com\/en\/produit\/leau-de-monsieur\/"]}]},{"@type":"ImageObject","inLanguage":"en-US","@id":"https:\/\/feret-parfumeur.com\/en\/produit\/leau-de-monsieur\/#primaryimage","url":"https:\/\/feret-parfumeur.com\/wp-content\/uploads\/2022\/05\/feret-parfumeur-eau-de-monsieur-patchouly-reglisse-2022.jpg","contentUrl":"https:\/\/feret-parfumeur.com\/wp-content\/uploads\/2022\/05\/feret-parfumeur-eau-de-monsieur-patchouly-reglisse-2022.jpg","width":1057,"height":1057},{"@type":"BreadcrumbList","@id":"https:\/\/feret-parfumeur.com\/en\/produit\/leau-de-monsieur\/#breadcrumb","itemListElement":[{"@type":"ListItem","position":1,"name":"Accueil","item":"https:\/\/feret-parfumeur.com\/en\/home\/"},{"@type":"ListItem","position":2,"name":"Shop","item":"https:\/\/feret-parfumeur.com\/en\/shop\/"},{"@type":"ListItem","position":3,"name":"L&#8217;Eau de Monsieur"}]},{"@type":"WebSite","@id":"https:\/\/feret-parfumeur.com\/en\/#website","url":"https:\/\/feret-parfumeur.com\/en\/","name":"F\u00e9ret Parfumeur","description":"Cosm\u00e9tiques fran\u00e7ais","potentialAction":[{"@type":"SearchAction","target":{"@type":"EntryPoint","urlTemplate":"https:\/\/feret-parfumeur.com\/en\/?s={search_term_string}"},"query-input":{"@type":"PropertyValueSpecification","valueRequired":true,"valueName":"search_term_string"}}],"inLanguage":"en-US"}]}},"_links":{"self":[{"href":"https:\/\/feret-parfumeur.com\/en\/wp-json\/wp\/v2\/product\/29841","targetHints":{"allow":["GET"]}}],"collection":[{"href":"https:\/\/feret-parfumeur.com\/en\/wp-json\/wp\/v2\/product"}],"about":[{"href":"https:\/\/feret-parfumeur.com\/en\/wp-json\/wp\/v2\/types\/product"}],"wp:featuredmedia":[{"embeddable":true,"href":"https:\/\/feret-parfumeur.com\/en\/wp-json\/wp\/v2\/media\/29814"}],"wp:attachment":[{"href":"https:\/\/feret-parfumeur.com\/en\/wp-json\/wp\/v2\/media?parent=29841"}],"wp:term":[{"taxonomy":"product_brand","embeddable":true,"href":"https:\/\/feret-parfumeur.com\/en\/wp-json\/wp\/v2\/product_brand?post=29841"},{"taxonomy":"product_cat","embeddable":true,"href":"https:\/\/feret-parfumeur.com\/en\/wp-json\/wp\/v2\/product_cat?post=29841"},{"taxonomy":"product_tag","embeddable":true,"href":"https:\/\/feret-parfumeur.com\/en\/wp-json\/wp\/v2\/product_tag?post=29841"}],"curies":[{"name":"wp","href":"https:\/\/api.w.org\/{rel}","templated":true}]}}