{"id":29851,"date":"2022-05-02T13:40:29","date_gmt":"2022-05-02T13:40:29","guid":{"rendered":"https:\/\/feret-parfumeur.com\/produit\/le-hyalomiel-hyaline-jelly-rose-perfume\/"},"modified":"2023-10-09T09:01:53","modified_gmt":"2023-10-09T09:01:53","slug":"le-hyalomiel-hyaline-jelly-rose-perfume","status":"publish","type":"product","link":"https:\/\/feret-parfumeur.com\/en\/produit\/le-hyalomiel-hyaline-jelly-rose-perfume\/","title":{"rendered":"LE HYALOMIEL hyaline jelly \u2013 Rose perfume"},"content":{"rendered":"<p>[et_pb_section fb_built=&#8221;1&#8243; _builder_version=&#8221;4.16&#8243; custom_padding=&#8221;0px||||false|false&#8221; global_colors_info=&#8221;{}&#8221;][et_pb_row _builder_version=&#8221;4.16&#8243; background_size=&#8221;initial&#8221; background_position=&#8221;top_left&#8221; background_repeat=&#8221;repeat&#8221; width=&#8221;100%&#8221; custom_padding=&#8221;0px||0px||false|false&#8221; global_colors_info=&#8221;{}&#8221;][et_pb_column type=&#8221;4_4&#8243; _builder_version=&#8221;4.16&#8243; custom_padding=&#8221;|||&#8221; global_colors_info=&#8221;{}&#8221; custom_padding__hover=&#8221;|||&#8221;][et_pb_wc_breadcrumb _builder_version=&#8221;4.16&#8243; global_colors_info=&#8221;{}&#8221;][\/et_pb_wc_breadcrumb][et_pb_wc_cart_notice _builder_version=&#8221;4.16&#8243; global_colors_info=&#8221;{}&#8221;][\/et_pb_wc_cart_notice][\/et_pb_column][\/et_pb_row][et_pb_row column_structure=&#8221;2_5,3_5&#8243; _builder_version=&#8221;4.16&#8243; background_size=&#8221;initial&#8221; background_position=&#8221;top_left&#8221; background_repeat=&#8221;repeat&#8221; width=&#8221;100%&#8221; custom_padding=&#8221;0px||||false|false&#8221; global_colors_info=&#8221;{}&#8221;][et_pb_column type=&#8221;2_5&#8243; _builder_version=&#8221;4.16&#8243; custom_padding=&#8221;|||&#8221; global_colors_info=&#8221;{}&#8221; custom_padding__hover=&#8221;|||&#8221;][et_pb_wc_images _builder_version=&#8221;4.16&#8243; global_colors_info=&#8221;{}&#8221;][\/et_pb_wc_images][\/et_pb_column][et_pb_column type=&#8221;3_5&#8243; _builder_version=&#8221;4.16&#8243; custom_padding=&#8221;|||&#8221; global_colors_info=&#8221;{}&#8221; custom_padding__hover=&#8221;|||&#8221;][et_pb_wc_title _builder_version=&#8221;4.16&#8243; global_colors_info=&#8221;{}&#8221;][\/et_pb_wc_title][et_pb_wc_rating _builder_version=&#8221;4.16&#8243; global_colors_info=&#8221;{}&#8221;][\/et_pb_wc_rating][et_pb_wc_price _builder_version=&#8221;4.16&#8243; global_colors_info=&#8221;{}&#8221;][\/et_pb_wc_price][et_pb_text _builder_version=&#8221;4.19.0&#8243; _module_preset=&#8221;default&#8221; custom_padding=&#8221;||0px|||&#8221; global_colors_info=&#8221;{}&#8221;]<\/p>\n<p>Our Hyalomiel is getting a makeover, it will be back very soon.<\/p>\n<p>With a slightly different formula but with the same texture and effectiveness.<\/p>\n<p>We are really sorry to deprive you of your favorite product for a few more weeks.<\/p>\n<p>[\/et_pb_text][et_pb_wc_add_to_cart _builder_version=&#8221;4.16&#8243; global_colors_info=&#8221;{}&#8221;][\/et_pb_wc_add_to_cart][et_pb_wc_meta _builder_version=&#8221;4.16&#8243; global_colors_info=&#8221;{}&#8221;][\/et_pb_wc_meta][\/et_pb_column][\/et_pb_row][et_pb_row _builder_version=&#8221;4.16&#8243; background_size=&#8221;initial&#8221; background_position=&#8221;top_left&#8221; background_repeat=&#8221;repeat&#8221; width=&#8221;100%&#8221; custom_padding=&#8221;0px||||false|false&#8221; global_colors_info=&#8221;{}&#8221;][et_pb_column type=&#8221;4_4&#8243; _builder_version=&#8221;4.16&#8243; custom_padding=&#8221;|||&#8221; global_colors_info=&#8221;{}&#8221; custom_padding__hover=&#8221;|||&#8221;][et_pb_text _builder_version=&#8221;4.19.0&#8243; _module_preset=&#8221;default&#8221; global_colors_info=&#8221;{}&#8221;]<\/p>\n<h2><strong>The Hyalomiel Rose perfume<\/strong><\/h2>\n<p>Our century-old soothing jelly is an essential part of your daily care. Perfect for preparing your hands, feet, elbows, knees, heels&#8230; it will allow you to hydrate, soothe and repair the most calloused and cracked skin.<\/p>\n<p>This Hyalomiel, comparable to your grandmother&#8217;s miracle recipe, will bring natural beauty to your hands and feet.<\/p>\n<p>&nbsp;<\/p>\n<h2><strong>Retro-chic packaging<\/strong><span><br \/><\/span><\/h2>\n<p>Its retro-chic packaging will seduce everyone and will embellish your bathroom.<\/p>\n<p>It has been original since it was manufactured in 1878.<\/p>\n<p>&nbsp;<\/p>\n<h2><strong>WE LOVE: 100% MADE IN FRANCE<\/strong><\/h2>\n<p>From formula to packaging, our Hyalomiel is 100% French! <\/p>\n<p><strong>Directions for use:<\/strong> apply on dry skin hands, feet, elbow, a light hazelnut massage a brief massage is enough to make it penetrate. To renew as often as necessary. <em>Store away from heat and light.<\/em><\/p>\n<p>[\/et_pb_text][\/et_pb_column][\/et_pb_row][et_pb_row _builder_version=&#8221;4.16&#8243; background_size=&#8221;initial&#8221; background_position=&#8221;top_left&#8221; background_repeat=&#8221;repeat&#8221; width=&#8221;100%&#8221; global_colors_info=&#8221;{}&#8221;][et_pb_column type=&#8221;4_4&#8243; _builder_version=&#8221;4.16&#8243; custom_padding=&#8221;|||&#8221; global_colors_info=&#8221;{}&#8221; custom_padding__hover=&#8221;|||&#8221;][et_pb_wc_tabs _builder_version=&#8221;4.16&#8243; global_colors_info=&#8221;{}&#8221;]\t\t\t\t\t[\/et_pb_wc_tabs][et_pb_wc_upsells _builder_version=&#8221;4.16&#8243; global_colors_info=&#8221;{}&#8221;][\/et_pb_wc_upsells][et_pb_wc_related_products _builder_version=&#8221;4.16&#8243; global_colors_info=&#8221;{}&#8221;][\/et_pb_wc_related_products][\/et_pb_column][\/et_pb_row][\/et_pb_section]<\/p>\n","protected":false},"excerpt":{"rendered":"<p><em>Despite the seasons, keep your hands delicately scented.<\/em><\/p>\n<p><strong>The essential:<\/strong><br \/>\nEssentially formulated with honey extract, our hyaline jelly (transparent) is ideal for moisturising your skin, while providing a dose of freshness with a powdery rose scent.<br \/>\nOur Hyalomiel moisturises, soothes and repairs your hands and feet.<br \/>\n<strong>For man and woman.<\/strong><\/p>\n<p><strong>Made in France \u2013 Size 50 ml.<\/strong><\/p>\n<p><strong>Directions for use:<\/strong> apply on dry skin hands, feet, elbow, a light hazelnut massage a brief massage is enough to make it penetrate. To renew as often as necessary. Store away from heat and light.<\/p>\n","protected":false},"featured_media":30515,"template":"","meta":{"_et_pb_use_builder":"on","_et_pb_old_content":"INCI List:\nAQUA, PEG-12 DIMETHICONE, METHYLPROPANEDIOL, DIGLYCERIN, SODIUM POLYACRYLATE STARCH, PHENOXYETHANOL, GLYCERIN, PPG-26-BUTETH-26, PEG-40 HYDROGENATED CASTOR OIL, PARFUM, DISODIUM EDTA, ETHYLHEXYLGLYCERIN, MEL EXTRACT, BIOSACCHARIDE GUM-1, CITRIC ACID, SODIUM BENZOATE, POTASSIUM SORBATE, TOCOPHEROL, BENZYL BENZOATE, GERANIOL, LIMONENE.\n\nThe composition simply says:\n\n\u2022 Water, silicones for a soft touch on the skin.\n\u2022 Emulsifiers that promote homogeneity.\n\u2022 Humectants and emollients providing a unique sensation to soften and soften the skin while retaining water on its surface.\n\u2022 Extract of organic honey from the Garrigues.\n\u2022 Gelling agent for texture.\n\u2022 Powdery pink fragrance.\n\u2022 Preservatives to fight against bacteria.","_et_gb_content_width":""},"product_brand":[],"product_cat":[71,55],"product_tag":[],"class_list":{"0":"post-29851","1":"product","2":"type-product","3":"status-publish","4":"has-post-thumbnail","6":"product_cat-cydalise-en","7":"product_cat-hands-and-feet","9":"first","10":"instock","11":"featured","12":"taxable","13":"shipping-taxable","14":"purchasable","15":"product-type-simple"},"yoast_head":"<!-- This site is optimized with the Yoast SEO plugin v27.3 - https:\/\/yoast.com\/product\/yoast-seo-wordpress\/ -->\n<title>LE HYALOMIEL hyaline jelly \u2013 Rose perfume - F\u00e9ret Parfumeur<\/title>\n<meta name=\"robots\" content=\"index, follow, max-snippet:-1, max-image-preview:large, max-video-preview:-1\" \/>\n<link rel=\"canonical\" href=\"https:\/\/feret-parfumeur.com\/en\/produit\/le-hyalomiel-hyaline-jelly-rose-perfume\/\" \/>\n<meta property=\"og:locale\" content=\"en_US\" \/>\n<meta property=\"og:type\" content=\"article\" \/>\n<meta property=\"og:title\" content=\"LE HYALOMIEL hyaline jelly \u2013 Rose perfume - F\u00e9ret Parfumeur\" \/>\n<meta property=\"og:description\" content=\"Despite the seasons, keep your hands delicately scented. The essential: Essentially formulated with honey extract, our hyaline jelly (transparent) is ideal for moisturising your skin, while providing a dose of freshness with a powdery rose scent. Our Hyalomiel moisturises, soothes and repairs your hands and feet. For man and woman. Made in France \u2013 Size 50 ml. Directions for use: apply on dry skin hands, feet, elbow, a light hazelnut massage a brief massage is enough to make it penetrate. To renew as often as necessary. Store away from heat and light.\" \/>\n<meta property=\"og:url\" content=\"https:\/\/feret-parfumeur.com\/en\/produit\/le-hyalomiel-hyaline-jelly-rose-perfume\/\" \/>\n<meta property=\"og:site_name\" content=\"F\u00e9ret Parfumeur\" \/>\n<meta property=\"article:modified_time\" content=\"2023-10-09T09:01:53+00:00\" \/>\n<meta property=\"og:image\" content=\"https:\/\/feret-parfumeur.com\/wp-content\/uploads\/2022\/05\/feret-parfumeur-hyalomiel-rose-2022.jpg\" \/>\n\t<meta property=\"og:image:width\" content=\"1064\" \/>\n\t<meta property=\"og:image:height\" content=\"1064\" \/>\n\t<meta property=\"og:image:type\" content=\"image\/jpeg\" \/>\n<meta name=\"twitter:card\" content=\"summary_large_image\" \/>\n<meta name=\"twitter:label1\" content=\"Est. reading time\" \/>\n\t<meta name=\"twitter:data1\" content=\"2 minutes\" \/>\n<script type=\"application\/ld+json\" class=\"yoast-schema-graph\">{\"@context\":\"https:\\\/\\\/schema.org\",\"@graph\":[{\"@type\":\"WebPage\",\"@id\":\"https:\\\/\\\/feret-parfumeur.com\\\/en\\\/produit\\\/le-hyalomiel-hyaline-jelly-rose-perfume\\\/\",\"url\":\"https:\\\/\\\/feret-parfumeur.com\\\/en\\\/produit\\\/le-hyalomiel-hyaline-jelly-rose-perfume\\\/\",\"name\":\"LE HYALOMIEL hyaline jelly \u2013 Rose perfume - F\u00e9ret Parfumeur\",\"isPartOf\":{\"@id\":\"https:\\\/\\\/feret-parfumeur.com\\\/en\\\/#website\"},\"primaryImageOfPage\":{\"@id\":\"https:\\\/\\\/feret-parfumeur.com\\\/en\\\/produit\\\/le-hyalomiel-hyaline-jelly-rose-perfume\\\/#primaryimage\"},\"image\":{\"@id\":\"https:\\\/\\\/feret-parfumeur.com\\\/en\\\/produit\\\/le-hyalomiel-hyaline-jelly-rose-perfume\\\/#primaryimage\"},\"thumbnailUrl\":\"https:\\\/\\\/feret-parfumeur.com\\\/wp-content\\\/uploads\\\/2022\\\/05\\\/hyalomiel-original-avec-boite-scaled.jpg\",\"datePublished\":\"2022-05-02T13:40:29+00:00\",\"dateModified\":\"2023-10-09T09:01:53+00:00\",\"breadcrumb\":{\"@id\":\"https:\\\/\\\/feret-parfumeur.com\\\/en\\\/produit\\\/le-hyalomiel-hyaline-jelly-rose-perfume\\\/#breadcrumb\"},\"inLanguage\":\"en-US\",\"potentialAction\":[{\"@type\":\"ReadAction\",\"target\":[\"https:\\\/\\\/feret-parfumeur.com\\\/en\\\/produit\\\/le-hyalomiel-hyaline-jelly-rose-perfume\\\/\"]}]},{\"@type\":\"ImageObject\",\"inLanguage\":\"en-US\",\"@id\":\"https:\\\/\\\/feret-parfumeur.com\\\/en\\\/produit\\\/le-hyalomiel-hyaline-jelly-rose-perfume\\\/#primaryimage\",\"url\":\"https:\\\/\\\/feret-parfumeur.com\\\/wp-content\\\/uploads\\\/2022\\\/05\\\/hyalomiel-original-avec-boite-scaled.jpg\",\"contentUrl\":\"https:\\\/\\\/feret-parfumeur.com\\\/wp-content\\\/uploads\\\/2022\\\/05\\\/hyalomiel-original-avec-boite-scaled.jpg\",\"width\":2880,\"height\":2880,\"caption\":\"feret parfumeur hyalomiel rose creme main pied hydratation\"},{\"@type\":\"BreadcrumbList\",\"@id\":\"https:\\\/\\\/feret-parfumeur.com\\\/en\\\/produit\\\/le-hyalomiel-hyaline-jelly-rose-perfume\\\/#breadcrumb\",\"itemListElement\":[{\"@type\":\"ListItem\",\"position\":1,\"name\":\"Accueil\",\"item\":\"https:\\\/\\\/feret-parfumeur.com\\\/en\\\/home\\\/\"},{\"@type\":\"ListItem\",\"position\":2,\"name\":\"Shop\",\"item\":\"https:\\\/\\\/feret-parfumeur.com\\\/en\\\/shop\\\/\"},{\"@type\":\"ListItem\",\"position\":3,\"name\":\"LE HYALOMIEL hyaline jelly \u2013 Rose perfume\"}]},{\"@type\":\"WebSite\",\"@id\":\"https:\\\/\\\/feret-parfumeur.com\\\/en\\\/#website\",\"url\":\"https:\\\/\\\/feret-parfumeur.com\\\/en\\\/\",\"name\":\"F\u00e9ret Parfumeur\",\"description\":\"Cosm\u00e9tiques fran\u00e7ais\",\"potentialAction\":[{\"@type\":\"SearchAction\",\"target\":{\"@type\":\"EntryPoint\",\"urlTemplate\":\"https:\\\/\\\/feret-parfumeur.com\\\/en\\\/?s={search_term_string}\"},\"query-input\":{\"@type\":\"PropertyValueSpecification\",\"valueRequired\":true,\"valueName\":\"search_term_string\"}}],\"inLanguage\":\"en-US\"}]}<\/script>\n<!-- \/ Yoast SEO plugin. -->","yoast_head_json":{"title":"LE HYALOMIEL hyaline jelly \u2013 Rose perfume - F\u00e9ret Parfumeur","robots":{"index":"index","follow":"follow","max-snippet":"max-snippet:-1","max-image-preview":"max-image-preview:large","max-video-preview":"max-video-preview:-1"},"canonical":"https:\/\/feret-parfumeur.com\/en\/produit\/le-hyalomiel-hyaline-jelly-rose-perfume\/","og_locale":"en_US","og_type":"article","og_title":"LE HYALOMIEL hyaline jelly \u2013 Rose perfume - F\u00e9ret Parfumeur","og_description":"Despite the seasons, keep your hands delicately scented. The essential: Essentially formulated with honey extract, our hyaline jelly (transparent) is ideal for moisturising your skin, while providing a dose of freshness with a powdery rose scent. Our Hyalomiel moisturises, soothes and repairs your hands and feet. For man and woman. Made in France \u2013 Size 50 ml. Directions for use: apply on dry skin hands, feet, elbow, a light hazelnut massage a brief massage is enough to make it penetrate. To renew as often as necessary. Store away from heat and light.","og_url":"https:\/\/feret-parfumeur.com\/en\/produit\/le-hyalomiel-hyaline-jelly-rose-perfume\/","og_site_name":"F\u00e9ret Parfumeur","article_modified_time":"2023-10-09T09:01:53+00:00","og_image":[{"width":1064,"height":1064,"url":"https:\/\/feret-parfumeur.com\/wp-content\/uploads\/2022\/05\/feret-parfumeur-hyalomiel-rose-2022.jpg","type":"image\/jpeg"}],"twitter_card":"summary_large_image","twitter_misc":{"Est. reading time":"2 minutes"},"schema":{"@context":"https:\/\/schema.org","@graph":[{"@type":"WebPage","@id":"https:\/\/feret-parfumeur.com\/en\/produit\/le-hyalomiel-hyaline-jelly-rose-perfume\/","url":"https:\/\/feret-parfumeur.com\/en\/produit\/le-hyalomiel-hyaline-jelly-rose-perfume\/","name":"LE HYALOMIEL hyaline jelly \u2013 Rose perfume - F\u00e9ret Parfumeur","isPartOf":{"@id":"https:\/\/feret-parfumeur.com\/en\/#website"},"primaryImageOfPage":{"@id":"https:\/\/feret-parfumeur.com\/en\/produit\/le-hyalomiel-hyaline-jelly-rose-perfume\/#primaryimage"},"image":{"@id":"https:\/\/feret-parfumeur.com\/en\/produit\/le-hyalomiel-hyaline-jelly-rose-perfume\/#primaryimage"},"thumbnailUrl":"https:\/\/feret-parfumeur.com\/wp-content\/uploads\/2022\/05\/hyalomiel-original-avec-boite-scaled.jpg","datePublished":"2022-05-02T13:40:29+00:00","dateModified":"2023-10-09T09:01:53+00:00","breadcrumb":{"@id":"https:\/\/feret-parfumeur.com\/en\/produit\/le-hyalomiel-hyaline-jelly-rose-perfume\/#breadcrumb"},"inLanguage":"en-US","potentialAction":[{"@type":"ReadAction","target":["https:\/\/feret-parfumeur.com\/en\/produit\/le-hyalomiel-hyaline-jelly-rose-perfume\/"]}]},{"@type":"ImageObject","inLanguage":"en-US","@id":"https:\/\/feret-parfumeur.com\/en\/produit\/le-hyalomiel-hyaline-jelly-rose-perfume\/#primaryimage","url":"https:\/\/feret-parfumeur.com\/wp-content\/uploads\/2022\/05\/hyalomiel-original-avec-boite-scaled.jpg","contentUrl":"https:\/\/feret-parfumeur.com\/wp-content\/uploads\/2022\/05\/hyalomiel-original-avec-boite-scaled.jpg","width":2880,"height":2880,"caption":"feret parfumeur hyalomiel rose creme main pied hydratation"},{"@type":"BreadcrumbList","@id":"https:\/\/feret-parfumeur.com\/en\/produit\/le-hyalomiel-hyaline-jelly-rose-perfume\/#breadcrumb","itemListElement":[{"@type":"ListItem","position":1,"name":"Accueil","item":"https:\/\/feret-parfumeur.com\/en\/home\/"},{"@type":"ListItem","position":2,"name":"Shop","item":"https:\/\/feret-parfumeur.com\/en\/shop\/"},{"@type":"ListItem","position":3,"name":"LE HYALOMIEL hyaline jelly \u2013 Rose perfume"}]},{"@type":"WebSite","@id":"https:\/\/feret-parfumeur.com\/en\/#website","url":"https:\/\/feret-parfumeur.com\/en\/","name":"F\u00e9ret Parfumeur","description":"Cosm\u00e9tiques fran\u00e7ais","potentialAction":[{"@type":"SearchAction","target":{"@type":"EntryPoint","urlTemplate":"https:\/\/feret-parfumeur.com\/en\/?s={search_term_string}"},"query-input":{"@type":"PropertyValueSpecification","valueRequired":true,"valueName":"search_term_string"}}],"inLanguage":"en-US"}]}},"_links":{"self":[{"href":"https:\/\/feret-parfumeur.com\/en\/wp-json\/wp\/v2\/product\/29851","targetHints":{"allow":["GET"]}}],"collection":[{"href":"https:\/\/feret-parfumeur.com\/en\/wp-json\/wp\/v2\/product"}],"about":[{"href":"https:\/\/feret-parfumeur.com\/en\/wp-json\/wp\/v2\/types\/product"}],"wp:featuredmedia":[{"embeddable":true,"href":"https:\/\/feret-parfumeur.com\/en\/wp-json\/wp\/v2\/media\/30515"}],"wp:attachment":[{"href":"https:\/\/feret-parfumeur.com\/en\/wp-json\/wp\/v2\/media?parent=29851"}],"wp:term":[{"taxonomy":"product_brand","embeddable":true,"href":"https:\/\/feret-parfumeur.com\/en\/wp-json\/wp\/v2\/product_brand?post=29851"},{"taxonomy":"product_cat","embeddable":true,"href":"https:\/\/feret-parfumeur.com\/en\/wp-json\/wp\/v2\/product_cat?post=29851"},{"taxonomy":"product_tag","embeddable":true,"href":"https:\/\/feret-parfumeur.com\/en\/wp-json\/wp\/v2\/product_tag?post=29851"}],"curies":[{"name":"wp","href":"https:\/\/api.w.org\/{rel}","templated":true}]}}